{"id":1240,"date":"2024-10-08T03:50:40","date_gmt":"2024-10-08T03:50:40","guid":{"rendered":"https:\/\/gwblimitedco.com\/?page_id=1240"},"modified":"2025-10-26T05:53:42","modified_gmt":"2025-10-26T05:53:42","slug":"contacto","status":"publish","type":"page","link":"https:\/\/gwblimitedco.com\/en\/contacto\/","title":{"rendered":"Contact"},"content":{"rendered":"\t\t<div data-elementor-type=\"wp-page\" data-elementor-id=\"1240\" class=\"elementor elementor-1240\" data-elementor-post-type=\"page\">\n\t\t\t\t<div class=\"elementor-element elementor-element-f4ccad4 e-flex e-con-boxed e-con e-parent\" data-id=\"f4ccad4\" data-element_type=\"container\" data-e-type=\"container\" data-settings=\"{&quot;background_background&quot;:&quot;classic&quot;}\">\n\t\t\t\t\t<div class=\"e-con-inner\">\n\t\t\t\t<div class=\"elementor-element elementor-element-dc895f9 elementor-widget elementor-widget-heading\" data-id=\"dc895f9\" data-element_type=\"widget\" data-e-type=\"widget\" data-widget_type=\"heading.default\">\n\t\t\t\t<div class=\"elementor-widget-container\">\n\t\t\t\t\t<h2 class=\"elementor-heading-title elementor-size-default\">Contacto<\/h2>\t\t\t\t<\/div>\n\t\t\t\t<\/div>\n\t\t\t\t<div class=\"elementor-element elementor-element-54e0515 elementor-widget elementor-widget-text-editor\" data-id=\"54e0515\" data-element_type=\"widget\" data-e-type=\"widget\" data-widget_type=\"text-editor.default\">\n\t\t\t\t<div class=\"elementor-widget-container\">\n\t\t\t\t\t\t\t\t\t<p>Completa este formulario y nuestro equipo<br \/>se pondr\u00e1 en contacto para atender tu solicitud<\/p>\t\t\t\t\t\t\t\t<\/div>\n\t\t\t\t<\/div>\n\t\t\t\t\t<\/div>\n\t\t\t\t<\/div>\n\t\t<div class=\"elementor-element elementor-element-83555d6 e-flex e-con-boxed e-con e-parent\" data-id=\"83555d6\" data-element_type=\"container\" data-e-type=\"container\" data-settings=\"{&quot;background_background&quot;:&quot;classic&quot;}\">\n\t\t\t\t\t<div class=\"e-con-inner\">\n\t\t<div class=\"elementor-element elementor-element-7e5b10c e-con-full e-flex e-con e-child\" data-id=\"7e5b10c\" data-element_type=\"container\" data-e-type=\"container\" data-settings=\"{&quot;background_background&quot;:&quot;classic&quot;}\">\n\t\t\t\t<div class=\"elementor-element elementor-element-eaa927d elementor-widget elementor-widget-text-editor\" data-id=\"eaa927d\" data-element_type=\"widget\" data-e-type=\"widget\" data-widget_type=\"text-editor.default\">\n\t\t\t\t<div class=\"elementor-widget-container\">\n\t\t\t\t\t\t\t\t\t<p class=\"text--bold\">Atenci\u00f3n al Cliente<\/p>\n<p class=\"text--light\"><strong>LUNES A VIERNES &#8211; 7am NY \/ 5:30pm NY<\/strong><\/p>\t\t\t\t\t\t\t\t<\/div>\n\t\t\t\t<\/div>\n\t\t\t\t<div class=\"elementor-element elementor-element-eb00034 elementor-widget elementor-widget-text-editor\" data-id=\"eb00034\" data-element_type=\"widget\" data-e-type=\"widget\" data-widget_type=\"text-editor.default\">\n\t\t\t\t<div class=\"elementor-widget-container\">\n\t\t\t\t\t\t\t\t\t<p class=\"text--bold\"><strong>Informaci\u00f3n de Contacto<\/strong><\/p><p>\u00a0<\/p><p class=\"text--bold\"><span style=\"font-style: inherit; font-weight: inherit; text-align: var(--text-align);\">(+57) 317 2228457<\/span><\/p><p>(+57) 323 2858905<\/p><p><span style=\"font-style: inherit; font-weight: inherit; text-align: var(--text-align);\">(+1) 404 940 3217 (Espa\u00f1ol)\u00a0<\/span><\/p><p>(+1) 404 940 4584\u00a0(English)<\/p><p>\u00a0<\/p><p class=\"text--light\"><strong>Contact@gwblimitedco.com<\/strong><\/p>\t\t\t\t\t\t\t\t<\/div>\n\t\t\t\t<\/div>\n\t\t\t\t<div class=\"elementor-element elementor-element-ad8cc9b elementor-widget elementor-widget-text-editor\" data-id=\"ad8cc9b\" data-element_type=\"widget\" data-e-type=\"widget\" data-widget_type=\"text-editor.default\">\n\t\t\t\t<div class=\"elementor-widget-container\">\n\t\t\t\t\t\t\t\t\t<p><strong>Donde encontrarnos:<\/strong><\/p><p><strong>Colombia:<\/strong> Kra 64 9 219, 760033- Cali Valle del Cauca<\/p><p><strong>USA:<\/strong> 3715 Northcrest Rd # 34, Atlanta, GA 30340, Estados Unidos<\/p>\t\t\t\t\t\t\t\t<\/div>\n\t\t\t\t<\/div>\n\t\t\t\t<\/div>\n\t\t<div class=\"elementor-element elementor-element-d5a5285 e-con-full e-flex e-con e-child\" data-id=\"d5a5285\" data-element_type=\"container\" data-e-type=\"container\" data-settings=\"{&quot;background_background&quot;:&quot;classic&quot;}\">\n\t\t\t\t<div class=\"elementor-element elementor-element-609252e elementor-widget elementor-widget-heading\" data-id=\"609252e\" data-element_type=\"widget\" data-e-type=\"widget\" data-widget_type=\"heading.default\">\n\t\t\t\t<div class=\"elementor-widget-container\">\n\t\t\t\t\t<h2 class=\"elementor-heading-title elementor-size-default\">Llena el formulario o ll\u00e1manos por tel\u00e9fono <\/h2>\t\t\t\t<\/div>\n\t\t\t\t<\/div>\n\t\t\t\t<div class=\"elementor-element elementor-element-8e32b52 elementor-widget elementor-widget-wpforms\" data-id=\"8e32b52\" data-element_type=\"widget\" data-e-type=\"widget\" data-widget_type=\"wpforms.default\">\n\t\t\t\t<div class=\"elementor-widget-container\">\n\t\t\t\t\t<div class=\"wpforms-container \" id=\"wpforms-5\"><form id=\"wpforms-form-5\" class=\"wpforms-validate wpforms-form wpforms-ajax-form\" data-formid=\"5\" method=\"post\" enctype=\"multipart\/form-data\" action=\"\/en\/wp-json\/wp\/v2\/pages\/1240\" data-token=\"ee41be3f08fefdaf501400c96a70f088\" data-token-time=\"1776399791\"><noscript class=\"wpforms-error-noscript\">Please enable JavaScript in your browser to complete this form.<\/noscript><div class=\"wpforms-field-container\"><div id=\"wpforms-5-field_0-container\" class=\"wpforms-field wpforms-field-name\" data-field-id=\"0\"><label class=\"wpforms-field-label wpforms-label-hide\" for=\"wpforms-5-field_0\">Nombre <span class=\"wpforms-required-label\">*<\/span><\/label><div class=\"wpforms-field-row wpforms-field-large\"><div class=\"wpforms-field-row-block wpforms-first wpforms-one-half\"><input type=\"text\" id=\"wpforms-5-field_0\" class=\"wpforms-field-name-first wpforms-field-required\" name=\"wpforms[fields][0][first]\" placeholder=\"Nombre\" required><label for=\"wpforms-5-field_0\" class=\"wpforms-field-sublabel after wpforms-sublabel-hide\">First<\/label><\/div><div class=\"wpforms-field-row-block wpforms-one-half\"><input type=\"text\" id=\"wpforms-5-field_0-last\" class=\"wpforms-field-name-last wpforms-field-required\" name=\"wpforms[fields][0][last]\" placeholder=\"Apellido\" required><label for=\"wpforms-5-field_0-last\" class=\"wpforms-field-sublabel after wpforms-sublabel-hide\">Last<\/label><\/div><\/div><\/div>\t\t<div id=\"wpforms-5-field_3-container\"\n\t\t\tclass=\"wpforms-field wpforms-field-text\"\n\t\t\tdata-field-type=\"text\"\n\t\t\tdata-field-id=\"3\"\n\t\t\t>\n\t\t\t<label class=\"wpforms-field-label\" for=\"wpforms-5-field_3\" >Nombre Tel\u00e9fono Pa\u00eds<\/label>\n\t\t\t<input type=\"text\" id=\"wpforms-5-field_3\" class=\"wpforms-field-medium\" name=\"wpforms[fields][3]\" >\n\t\t<\/div>\n\t\t<div id=\"wpforms-5-field_1-container\" class=\"wpforms-field wpforms-field-email\" data-field-id=\"1\"><label class=\"wpforms-field-label wpforms-label-hide\" for=\"wpforms-5-field_1\">Email <span class=\"wpforms-required-label\">*<\/span><\/label><input type=\"email\" id=\"wpforms-5-field_1\" class=\"wpforms-field-large wpforms-field-required\" name=\"wpforms[fields][1]\" placeholder=\"Correo electr\u00f3nico\" spellcheck=\"false\" required><\/div><div id=\"wpforms-5-field_4-container\" class=\"wpforms-field wpforms-field-number\" data-field-id=\"4\"><label class=\"wpforms-field-label wpforms-label-hide\" for=\"wpforms-5-field_4\">Tel\u00e9fono <span class=\"wpforms-required-label\">*<\/span><\/label><input type=\"number\" id=\"wpforms-5-field_4\" class=\"wpforms-field-large wpforms-field-required\" name=\"wpforms[fields][4]\" placeholder=\"Tel\u00e9fono\" step=\"any\" required><\/div><div id=\"wpforms-5-field_7-container\" class=\"wpforms-field wpforms-field-select wpforms-field-select-style-classic\" data-field-id=\"7\"><label class=\"wpforms-field-label wpforms-label-hide\" for=\"wpforms-5-field_7\">Pa\u00eds <span class=\"wpforms-required-label\">*<\/span><\/label><select id=\"wpforms-5-field_7\" class=\"wpforms-field-large wpforms-field-required\" name=\"wpforms[fields][7]\" required=\"required\"><option value=\"\" class=\"placeholder\" disabled >Pa\u00eds<\/option><option value=\"Colombia\"  class=\"choice-1 depth-1\"  >Colombia<\/option><option value=\"Estados Unidos\"  selected='selected' class=\"choice-2 depth-1\"  >Estados Unidos<\/option><\/select><\/div><div id=\"wpforms-5-field_2-container\" class=\"wpforms-field wpforms-field-textarea\" data-field-id=\"2\"><label class=\"wpforms-field-label wpforms-label-hide\" for=\"wpforms-5-field_2\">Mensaje <span class=\"wpforms-required-label\">*<\/span><\/label><textarea id=\"wpforms-5-field_2\" class=\"wpforms-field-medium wpforms-field-required\" name=\"wpforms[fields][2]\" placeholder=\"Mensaje\" required><\/textarea><\/div><script>\n\t\t\t\t( function() {\n\t\t\t\t\tconst style = document.createElement( 'style' );\n\t\t\t\t\tstyle.appendChild( document.createTextNode( '#wpforms-5-field_3-container { position: absolute !important; overflow: hidden !important; display: inline !important; height: 1px !important; width: 1px !important; z-index: -1000 !important; padding: 0 !important; } #wpforms-5-field_3-container input { visibility: hidden; } #wpforms-conversational-form-page #wpforms-5-field_3-container label { counter-increment: none; }' ) );\n\t\t\t\t\tdocument.head.appendChild( style );\n\t\t\t\t\tdocument.currentScript?.remove();\n\t\t\t\t} )();\n\t\t\t<\/script><\/div><!-- .wpforms-field-container --><div class=\"wpforms-recaptcha-container wpforms-is-recaptcha wpforms-is-recaptcha-type-v2\" ><div class=\"g-recaptcha\" data-sitekey=\"6Lcp0lgqAAAAALjNj0QkcPKvWtewaq7swOVClrpn\"><\/div><input type=\"text\" name=\"g-recaptcha-hidden\" class=\"wpforms-recaptcha-hidden\" style=\"position:absolute!important;clip:rect(0,0,0,0)!important;height:1px!important;width:1px!important;border:0!important;overflow:hidden!important;padding:0!important;margin:0!important;\" data-rule-recaptcha=\"1\"><\/div><div class=\"wpforms-submit-container\" ><input type=\"hidden\" name=\"wpforms[id]\" value=\"5\"><input type=\"hidden\" name=\"page_title\" value=\"\"><input type=\"hidden\" name=\"page_url\" value=\"https:\/\/gwblimitedco.com\/en\/wp-json\/wp\/v2\/pages\/1240\"><input type=\"hidden\" name=\"url_referer\" value=\"\"><button type=\"submit\" name=\"wpforms[submit]\" id=\"wpforms-submit-5\" class=\"wpforms-submit\" data-alt-text=\"Enviando...\" data-submit-text=\"Enviar\" aria-live=\"assertive\" value=\"wpforms-submit\">Enviar<\/button><img decoding=\"async\" src=\"https:\/\/gwblimitedco.com\/wp-content\/plugins\/wpforms-lite\/assets\/images\/submit-spin.svg\" class=\"wpforms-submit-spinner\" style=\"display: none;\" width=\"26\" height=\"26\" alt=\"Loading\"><\/div><\/form><\/div>  <!-- .wpforms-container -->\t\t\t\t<\/div>\n\t\t\t\t<\/div>\n\t\t\t\t<\/div>\n\t\t\t\t\t<\/div>\n\t\t\t\t<\/div>\n\t\t<div class=\"elementor-element elementor-element-64e5b00 e-flex e-con-boxed e-con e-parent\" data-id=\"64e5b00\" data-element_type=\"container\" data-e-type=\"container\">\n\t\t\t\t\t<div class=\"e-con-inner\">\n\t\t\t\t<div class=\"elementor-element elementor-element-2e8084e elementor-widget elementor-widget-google_maps\" data-id=\"2e8084e\" data-element_type=\"widget\" data-e-type=\"widget\" data-widget_type=\"google_maps.default\">\n\t\t\t\t<div class=\"elementor-widget-container\">\n\t\t\t\t\t\t\t<div class=\"elementor-custom-embed\">\n\t\t\t<iframe loading=\"lazy\"\n\t\t\t\t\tsrc=\"https:\/\/maps.google.com\/maps?q=3715%20Northcrest%20Rd%20%23%2034%2C%20Atlanta%2C%20GA%2030340%2C%20Estados%20Unidos&#038;t=m&#038;z=10&#038;output=embed&#038;iwloc=near\"\n\t\t\t\t\ttitle=\"3715 Northcrest Rd # 34, Atlanta, GA 30340, Estados Unidos\"\n\t\t\t\t\taria-label=\"3715 Northcrest Rd # 34, Atlanta, GA 30340, Estados Unidos\"\n\t\t\t><\/iframe>\n\t\t<\/div>\n\t\t\t\t\t\t<\/div>\n\t\t\t\t<\/div>\n\t\t\t\t\t<\/div>\n\t\t\t\t<\/div>\n\t\t\t\t<\/div>\n\t\t","protected":false},"excerpt":{"rendered":"<p>Contacto Completa este formulario y nuestro equipose pondr\u00e1 en contacto para atender tu solicitud Atenci\u00f3n al Cliente LUNES A VIERNES [&hellip;]<\/p>\n","protected":false},"author":1,"featured_media":1076,"parent":0,"menu_order":0,"comment_status":"closed","ping_status":"closed","template":"","meta":{"site-sidebar-layout":"no-sidebar","site-content-layout":"page-builder","ast-site-content-layout":"full-width-container","site-content-style":"default","site-sidebar-style":"default","ast-global-header-display":"","ast-banner-title-visibility":"","ast-main-header-display":"","ast-hfb-above-header-display":"","ast-hfb-below-header-display":"","ast-hfb-mobile-header-display":"","site-post-title":"disabled","ast-breadcrumbs-content":"","ast-featured-img":"disabled","footer-sml-layout":"","theme-transparent-header-meta":"","adv-header-id-meta":"","stick-header-meta":"","header-above-stick-meta":"","header-main-stick-meta":"","header-below-stick-meta":"","astra-migrate-meta-layouts":"set","ast-page-background-enabled":"default","ast-page-background-meta":{"desktop":{"background-color":"var(--ast-global-color-4)","background-image":"","background-repeat":"repeat","background-position":"center center","background-size":"auto","background-attachment":"scroll","background-type":"","background-media":"","overlay-type":"","overlay-color":"","overlay-opacity":"","overlay-gradient":""},"tablet":{"background-color":"","background-image":"","background-repeat":"repeat","background-position":"center center","background-size":"auto","background-attachment":"scroll","background-type":"","background-media":"","overlay-type":"","overlay-color":"","overlay-opacity":"","overlay-gradient":""},"mobile":{"background-color":"","background-image":"","background-repeat":"repeat","background-position":"center center","background-size":"auto","background-attachment":"scroll","background-type":"","background-media":"","overlay-type":"","overlay-color":"","overlay-opacity":"","overlay-gradient":""}},"ast-content-background-meta":{"desktop":{"background-color":"var(--ast-global-color-5)","background-image":"","background-repeat":"repeat","background-position":"center center","background-size":"auto","background-attachment":"scroll","background-type":"","background-media":"","overlay-type":"","overlay-color":"","overlay-opacity":"","overlay-gradient":""},"tablet":{"background-color":"var(--ast-global-color-5)","background-image":"","background-repeat":"repeat","background-position":"center center","background-size":"auto","background-attachment":"scroll","background-type":"","background-media":"","overlay-type":"","overlay-color":"","overlay-opacity":"","overlay-gradient":""},"mobile":{"background-color":"var(--ast-global-color-5)","background-image":"","background-repeat":"repeat","background-position":"center center","background-size":"auto","background-attachment":"scroll","background-type":"","background-media":"","overlay-type":"","overlay-color":"","overlay-opacity":"","overlay-gradient":""}},"footnotes":""},"class_list":["post-1240","page","type-page","status-publish","has-post-thumbnail","hentry"],"yoast_head":"<!-- This site is optimized with the Yoast SEO plugin v27.1.1 - https:\/\/yoast.com\/product\/yoast-seo-wordpress\/ -->\n<title>contacto - GWBLimitedco<\/title>\n<meta name=\"robots\" content=\"index, follow, max-snippet:-1, max-image-preview:large, max-video-preview:-1\" \/>\n<link rel=\"canonical\" href=\"https:\/\/gwblimitedco.com\/en\/contacto\/\" \/>\n<meta property=\"og:locale\" content=\"en_US\" \/>\n<meta property=\"og:type\" content=\"article\" \/>\n<meta property=\"og:title\" content=\"contacto - GWBLimitedco\" \/>\n<meta property=\"og:description\" content=\"Contacto Completa este formulario y nuestro equipose pondr\u00e1 en contacto para atender tu solicitud Atenci\u00f3n al Cliente LUNES A VIERNES [&hellip;]\" \/>\n<meta property=\"og:url\" content=\"https:\/\/gwblimitedco.com\/en\/contacto\/\" \/>\n<meta property=\"og:site_name\" content=\"GWBLimitedco\" \/>\n<meta property=\"article:publisher\" content=\"https:\/\/www.facebook.com\/GWBLimitedco\" \/>\n<meta property=\"article:modified_time\" content=\"2025-10-26T05:53:42+00:00\" \/>\n<meta property=\"og:image\" content=\"https:\/\/gwblimitedco.com\/wp-content\/uploads\/2024\/10\/cropped-LOGO-GWB-.png\" \/>\n\t<meta property=\"og:image:width\" content=\"669\" \/>\n\t<meta property=\"og:image:height\" content=\"253\" \/>\n\t<meta property=\"og:image:type\" content=\"image\/png\" \/>\n<meta name=\"twitter:card\" content=\"summary_large_image\" \/>\n<meta name=\"twitter:label1\" content=\"Est. reading time\" \/>\n\t<meta name=\"twitter:data1\" content=\"3 minutes\" \/>\n<script type=\"application\/ld+json\" class=\"yoast-schema-graph\">{\"@context\":\"https:\/\/schema.org\",\"@graph\":[{\"@type\":\"WebPage\",\"@id\":\"https:\/\/gwblimitedco.com\/contacto\/\",\"url\":\"https:\/\/gwblimitedco.com\/contacto\/\",\"name\":\"contacto - GWBLimitedco\",\"isPartOf\":{\"@id\":\"https:\/\/gwblimitedco.com\/#website\"},\"primaryImageOfPage\":{\"@id\":\"https:\/\/gwblimitedco.com\/contacto\/#primaryimage\"},\"image\":{\"@id\":\"https:\/\/gwblimitedco.com\/contacto\/#primaryimage\"},\"thumbnailUrl\":\"https:\/\/gwblimitedco.com\/wp-content\/uploads\/2024\/10\/cropped-LOGO-GWB-.png\",\"datePublished\":\"2024-10-08T03:50:40+00:00\",\"dateModified\":\"2025-10-26T05:53:42+00:00\",\"breadcrumb\":{\"@id\":\"https:\/\/gwblimitedco.com\/contacto\/#breadcrumb\"},\"inLanguage\":\"en-US\",\"potentialAction\":[{\"@type\":\"ReadAction\",\"target\":[\"https:\/\/gwblimitedco.com\/contacto\/\"]}]},{\"@type\":\"ImageObject\",\"inLanguage\":\"en-US\",\"@id\":\"https:\/\/gwblimitedco.com\/contacto\/#primaryimage\",\"url\":\"https:\/\/gwblimitedco.com\/wp-content\/uploads\/2024\/10\/cropped-LOGO-GWB-.png\",\"contentUrl\":\"https:\/\/gwblimitedco.com\/wp-content\/uploads\/2024\/10\/cropped-LOGO-GWB-.png\",\"width\":669,\"height\":253},{\"@type\":\"BreadcrumbList\",\"@id\":\"https:\/\/gwblimitedco.com\/contacto\/#breadcrumb\",\"itemListElement\":[{\"@type\":\"ListItem\",\"position\":1,\"name\":\"Inicio\",\"item\":\"https:\/\/gwblimitedco.com\/\"},{\"@type\":\"ListItem\",\"position\":2,\"name\":\"contacto\"}]},{\"@type\":\"WebSite\",\"@id\":\"https:\/\/gwblimitedco.com\/#website\",\"url\":\"https:\/\/gwblimitedco.com\/\",\"name\":\"Global Workforce Business Limited co\",\"description\":\"Ofrecemos soluciones integrales de Seguridad y Salud en el Trabajo (SST) para empresas que buscan garantizar la protecci\u00f3n de sus empleados y cumplir con normativas de seguridad. Nuestros servicios incluyen inspecciones de seguridad, recarga de extintores, venta de se\u00f1alizaci\u00f3n, asesor\u00eda en EPP, jornadas de salud, planes de emergencia y m\u00e1s. Con un enfoque personalizado, ayudamos a crear entornos laborales seguros y saludables. \u00a1Conf\u00eda en nuestra experiencia para proteger tu equipo!\",\"publisher\":{\"@id\":\"https:\/\/gwblimitedco.com\/#organization\"},\"potentialAction\":[{\"@type\":\"SearchAction\",\"target\":{\"@type\":\"EntryPoint\",\"urlTemplate\":\"https:\/\/gwblimitedco.com\/?s={search_term_string}\"},\"query-input\":{\"@type\":\"PropertyValueSpecification\",\"valueRequired\":true,\"valueName\":\"search_term_string\"}}],\"inLanguage\":\"en-US\"},{\"@type\":\"Organization\",\"@id\":\"https:\/\/gwblimitedco.com\/#organization\",\"name\":\"Global Workforce Business Limited co\",\"url\":\"https:\/\/gwblimitedco.com\/\",\"logo\":{\"@type\":\"ImageObject\",\"inLanguage\":\"en-US\",\"@id\":\"https:\/\/gwblimitedco.com\/#\/schema\/logo\/image\/\",\"url\":\"https:\/\/gwblimitedco.com\/wp-content\/uploads\/2025\/02\/cropped-gwb-es-g.png\",\"contentUrl\":\"https:\/\/gwblimitedco.com\/wp-content\/uploads\/2025\/02\/cropped-gwb-es-g.png\",\"width\":1292,\"height\":462,\"caption\":\"Global Workforce Business Limited co\"},\"image\":{\"@id\":\"https:\/\/gwblimitedco.com\/#\/schema\/logo\/image\/\"},\"sameAs\":[\"https:\/\/www.facebook.com\/GWBLimitedco\",\"https:\/\/www.instagram.com\/gwblimitedco\/?utm_source=ig_web_button_share_sheet\",\"https:\/\/www.youtube.com\/@gwblimitedco.globalworforc2548\",\"https:\/\/www.tiktok.com\/@gwblimitedco\"]}]}<\/script>\n<!-- \/ Yoast SEO plugin. -->","yoast_head_json":{"title":"contacto - GWBLimitedco","robots":{"index":"index","follow":"follow","max-snippet":"max-snippet:-1","max-image-preview":"max-image-preview:large","max-video-preview":"max-video-preview:-1"},"canonical":"https:\/\/gwblimitedco.com\/en\/contacto\/","og_locale":"en_US","og_type":"article","og_title":"contacto - GWBLimitedco","og_description":"Contacto Completa este formulario y nuestro equipose pondr\u00e1 en contacto para atender tu solicitud Atenci\u00f3n al Cliente LUNES A VIERNES [&hellip;]","og_url":"https:\/\/gwblimitedco.com\/en\/contacto\/","og_site_name":"GWBLimitedco","article_publisher":"https:\/\/www.facebook.com\/GWBLimitedco","article_modified_time":"2025-10-26T05:53:42+00:00","og_image":[{"width":669,"height":253,"url":"https:\/\/gwblimitedco.com\/wp-content\/uploads\/2024\/10\/cropped-LOGO-GWB-.png","type":"image\/png"}],"twitter_card":"summary_large_image","twitter_misc":{"Est. reading time":"3 minutes"},"schema":{"@context":"https:\/\/schema.org","@graph":[{"@type":"WebPage","@id":"https:\/\/gwblimitedco.com\/contacto\/","url":"https:\/\/gwblimitedco.com\/contacto\/","name":"contacto - GWBLimitedco","isPartOf":{"@id":"https:\/\/gwblimitedco.com\/#website"},"primaryImageOfPage":{"@id":"https:\/\/gwblimitedco.com\/contacto\/#primaryimage"},"image":{"@id":"https:\/\/gwblimitedco.com\/contacto\/#primaryimage"},"thumbnailUrl":"https:\/\/gwblimitedco.com\/wp-content\/uploads\/2024\/10\/cropped-LOGO-GWB-.png","datePublished":"2024-10-08T03:50:40+00:00","dateModified":"2025-10-26T05:53:42+00:00","breadcrumb":{"@id":"https:\/\/gwblimitedco.com\/contacto\/#breadcrumb"},"inLanguage":"en-US","potentialAction":[{"@type":"ReadAction","target":["https:\/\/gwblimitedco.com\/contacto\/"]}]},{"@type":"ImageObject","inLanguage":"en-US","@id":"https:\/\/gwblimitedco.com\/contacto\/#primaryimage","url":"https:\/\/gwblimitedco.com\/wp-content\/uploads\/2024\/10\/cropped-LOGO-GWB-.png","contentUrl":"https:\/\/gwblimitedco.com\/wp-content\/uploads\/2024\/10\/cropped-LOGO-GWB-.png","width":669,"height":253},{"@type":"BreadcrumbList","@id":"https:\/\/gwblimitedco.com\/contacto\/#breadcrumb","itemListElement":[{"@type":"ListItem","position":1,"name":"Inicio","item":"https:\/\/gwblimitedco.com\/"},{"@type":"ListItem","position":2,"name":"contacto"}]},{"@type":"WebSite","@id":"https:\/\/gwblimitedco.com\/#website","url":"https:\/\/gwblimitedco.com\/","name":"Global Workforce Business Limited co","description":"Ofrecemos soluciones integrales de Seguridad y Salud en el Trabajo (SST) para empresas que buscan garantizar la protecci\u00f3n de sus empleados y cumplir con normativas de seguridad. Nuestros servicios incluyen inspecciones de seguridad, recarga de extintores, venta de se\u00f1alizaci\u00f3n, asesor\u00eda en EPP, jornadas de salud, planes de emergencia y m\u00e1s. Con un enfoque personalizado, ayudamos a crear entornos laborales seguros y saludables. \u00a1Conf\u00eda en nuestra experiencia para proteger tu equipo!","publisher":{"@id":"https:\/\/gwblimitedco.com\/#organization"},"potentialAction":[{"@type":"SearchAction","target":{"@type":"EntryPoint","urlTemplate":"https:\/\/gwblimitedco.com\/?s={search_term_string}"},"query-input":{"@type":"PropertyValueSpecification","valueRequired":true,"valueName":"search_term_string"}}],"inLanguage":"en-US"},{"@type":"Organization","@id":"https:\/\/gwblimitedco.com\/#organization","name":"Global Workforce Business Limited co","url":"https:\/\/gwblimitedco.com\/","logo":{"@type":"ImageObject","inLanguage":"en-US","@id":"https:\/\/gwblimitedco.com\/#\/schema\/logo\/image\/","url":"https:\/\/gwblimitedco.com\/wp-content\/uploads\/2025\/02\/cropped-gwb-es-g.png","contentUrl":"https:\/\/gwblimitedco.com\/wp-content\/uploads\/2025\/02\/cropped-gwb-es-g.png","width":1292,"height":462,"caption":"Global Workforce Business Limited co"},"image":{"@id":"https:\/\/gwblimitedco.com\/#\/schema\/logo\/image\/"},"sameAs":["https:\/\/www.facebook.com\/GWBLimitedco","https:\/\/www.instagram.com\/gwblimitedco\/?utm_source=ig_web_button_share_sheet","https:\/\/www.youtube.com\/@gwblimitedco.globalworforc2548","https:\/\/www.tiktok.com\/@gwblimitedco"]}]}},"_links":{"self":[{"href":"https:\/\/gwblimitedco.com\/en\/wp-json\/wp\/v2\/pages\/1240","targetHints":{"allow":["GET"]}}],"collection":[{"href":"https:\/\/gwblimitedco.com\/en\/wp-json\/wp\/v2\/pages"}],"about":[{"href":"https:\/\/gwblimitedco.com\/en\/wp-json\/wp\/v2\/types\/page"}],"author":[{"embeddable":true,"href":"https:\/\/gwblimitedco.com\/en\/wp-json\/wp\/v2\/users\/1"}],"replies":[{"embeddable":true,"href":"https:\/\/gwblimitedco.com\/en\/wp-json\/wp\/v2\/comments?post=1240"}],"version-history":[{"count":52,"href":"https:\/\/gwblimitedco.com\/en\/wp-json\/wp\/v2\/pages\/1240\/revisions"}],"predecessor-version":[{"id":1642,"href":"https:\/\/gwblimitedco.com\/en\/wp-json\/wp\/v2\/pages\/1240\/revisions\/1642"}],"wp:featuredmedia":[{"embeddable":true,"href":"https:\/\/gwblimitedco.com\/en\/wp-json\/wp\/v2\/media\/1076"}],"wp:attachment":[{"href":"https:\/\/gwblimitedco.com\/en\/wp-json\/wp\/v2\/media?parent=1240"}],"curies":[{"name":"wp","href":"https:\/\/api.w.org\/{rel}","templated":true}]}}