{"id":1022,"date":"2024-10-01T04:41:08","date_gmt":"2024-10-01T04:41:08","guid":{"rendered":"https:\/\/gwblimitedco.com\/?page_id=1022"},"modified":"2024-10-01T04:41:08","modified_gmt":"2024-10-01T04:41:08","slug":"politica-de-privacidad","status":"publish","type":"page","link":"https:\/\/gwblimitedco.com\/en\/politica-de-privacidad\/","title":{"rendered":"probability policy"},"content":{"rendered":"<p>En gwblimitedco.com, la privacidad de nuestros visitantes es de suma importancia para nosotros. Este documento de pol\u00edtica de privacidad describe los tipos de informaci\u00f3n personal que <strong>GLOBAL WORKFORCE BUSINESS LIMITED CO<\/strong> recibe y recopila y c\u00f3mo se utiliza.<\/p>\n\n\n\n<h2 class=\"wp-block-heading\">Archivos de registro<\/h2>\n\n\n\n<p>Como muchos otros sitios web, gwblimitedco.com utiliza archivos de registro. La informaci\u00f3n dentro de los archivos de registro incluye direcciones de protocolo de Internet (IP), tipo de navegador, proveedor de servicios de Internet (ISP), marca de fecha\/hora, p\u00e1ginas de referencia\/salida y n\u00famero de clics para analizar tendencias, administrar el sitio y rastrear el movimiento del usuario. alrededor del sitio y recopilar informaci\u00f3n demogr\u00e1fica. Las direcciones IP y otra informaci\u00f3n similar no est\u00e1n vinculadas a ninguna informaci\u00f3n que sea de identificaci\u00f3n personal.<\/p>\n\n\n\n<h2 class=\"wp-block-heading\">Cookies y balizas web<\/h2>\n\n\n\n<p>gwblimitedco.com utiliza cookies para almacenar informaci\u00f3n sobre las preferencias de los visitantes, registrar informaci\u00f3n espec\u00edfica del usuario en qu\u00e9 p\u00e1ginas accede o visita, personaliza el contenido de la p\u00e1gina web seg\u00fan el tipo de navegador de los visitantes u otra informaci\u00f3n que el visitante env\u00eda a trav\u00e9s de su navegador.<\/p>\n\n\n\n<h2 class=\"wp-block-heading\">Cookie DART de doble clic<\/h2>\n\n\n\n<p>Google, como proveedor externo, utiliza cookies para publicar anuncios en gwblimitedco.com.<br>El uso de la cookie DART por parte de Google le permite mostrar anuncios a los usuarios seg\u00fan su visita a gwblimitedco.com y otros sitios en Internet.<br>Los usuarios pueden optar por no utilizar la cookie de DART visitando la pol\u00edtica de privacidad de la red de contenido y anuncios de Google en la siguiente URL: https:\/\/www.google.com\/policies\/privacy\/.<br>Estos servidores de anuncios o redes publicitarias de terceros utilizan tecnolog\u00eda para que los anuncios y enlaces que aparecen en gwblimitedco.com se env\u00eden directamente a sus navegadores. Reciben autom\u00e1ticamente su direcci\u00f3n IP cuando esto ocurre. Las redes publicitarias de terceros tambi\u00e9n pueden utilizar otras tecnolog\u00edas (como cookies, JavaScript o Web Beacons) para medir la eficacia de sus anuncios y\/o personalizar el contenido publicitario que usted ve.<\/p>\n\n\n\n<p>gwblimitedco.com no tiene acceso ni control sobre estas cookies que utilizan los anunciantes externos.<\/p>\n\n\n\n<p>Debe consultar las pol\u00edticas de privacidad respectivas de estos servidores de anuncios de terceros para obtener informaci\u00f3n m\u00e1s detallada sobre sus pr\u00e1cticas, as\u00ed como para obtener instrucciones sobre c\u00f3mo excluirse de ciertas pr\u00e1cticas. La pol\u00edtica de privacidad de gwblimitedco.com no se aplica a otros anunciantes o sitios web, y no podemos controlar las actividades de estos.<\/p>\n\n\n\n<p>Si desea desactivar las cookies, puede hacerlo a trav\u00e9s de las opciones individuales de su navegador. Puede encontrar informaci\u00f3n m\u00e1s detallada sobre la gesti\u00f3n de cookies con navegadores web espec\u00edficos en los sitios web respectivos del navegador.<\/p>","protected":false},"excerpt":{"rendered":"<p>En gwblimitedco.com, la privacidad de nuestros visitantes es de suma importancia para nosotros. Este documento de pol\u00edtica de privacidad describe [&hellip;]<\/p>\n","protected":false},"author":1,"featured_media":0,"parent":0,"menu_order":0,"comment_status":"closed","ping_status":"closed","template":"","meta":{"site-sidebar-layout":"default","site-content-layout":"","ast-site-content-layout":"default","site-content-style":"default","site-sidebar-style":"default","ast-global-header-display":"","ast-banner-title-visibility":"","ast-main-header-display":"","ast-hfb-above-header-display":"","ast-hfb-below-header-display":"","ast-hfb-mobile-header-display":"","site-post-title":"","ast-breadcrumbs-content":"","ast-featured-img":"","footer-sml-layout":"","theme-transparent-header-meta":"","adv-header-id-meta":"","stick-header-meta":"","header-above-stick-meta":"","header-main-stick-meta":"","header-below-stick-meta":"","astra-migrate-meta-layouts":"set","ast-page-background-enabled":"default","ast-page-background-meta":{"desktop":{"background-color":"var(--ast-global-color-4)","background-image":"","background-repeat":"repeat","background-position":"center center","background-size":"auto","background-attachment":"scroll","background-type":"","background-media":"","overlay-type":"","overlay-color":"","overlay-opacity":"","overlay-gradient":""},"tablet":{"background-color":"","background-image":"","background-repeat":"repeat","background-position":"center center","background-size":"auto","background-attachment":"scroll","background-type":"","background-media":"","overlay-type":"","overlay-color":"","overlay-opacity":"","overlay-gradient":""},"mobile":{"background-color":"","background-image":"","background-repeat":"repeat","background-position":"center center","background-size":"auto","background-attachment":"scroll","background-type":"","background-media":"","overlay-type":"","overlay-color":"","overlay-opacity":"","overlay-gradient":""}},"ast-content-background-meta":{"desktop":{"background-color":"var(--ast-global-color-5)","background-image":"","background-repeat":"repeat","background-position":"center center","background-size":"auto","background-attachment":"scroll","background-type":"","background-media":"","overlay-type":"","overlay-color":"","overlay-opacity":"","overlay-gradient":""},"tablet":{"background-color":"var(--ast-global-color-5)","background-image":"","background-repeat":"repeat","background-position":"center center","background-size":"auto","background-attachment":"scroll","background-type":"","background-media":"","overlay-type":"","overlay-color":"","overlay-opacity":"","overlay-gradient":""},"mobile":{"background-color":"var(--ast-global-color-5)","background-image":"","background-repeat":"repeat","background-position":"center center","background-size":"auto","background-attachment":"scroll","background-type":"","background-media":"","overlay-type":"","overlay-color":"","overlay-opacity":"","overlay-gradient":""}},"footnotes":""},"class_list":["post-1022","page","type-page","status-publish","hentry"],"yoast_head":"<!-- This site is optimized with the Yoast SEO plugin v27.1.1 - https:\/\/yoast.com\/product\/yoast-seo-wordpress\/ -->\n<title>Pol\u00edtica de privacidad - GWBLimitedco<\/title>\n<meta name=\"robots\" content=\"index, follow, max-snippet:-1, max-image-preview:large, max-video-preview:-1\" \/>\n<link rel=\"canonical\" href=\"https:\/\/gwblimitedco.com\/en\/politica-de-privacidad\/\" \/>\n<meta property=\"og:locale\" content=\"en_US\" \/>\n<meta property=\"og:type\" content=\"article\" \/>\n<meta property=\"og:title\" content=\"Pol\u00edtica de privacidad - GWBLimitedco\" \/>\n<meta property=\"og:description\" content=\"En gwblimitedco.com, la privacidad de nuestros visitantes es de suma importancia para nosotros. Este documento de pol\u00edtica de privacidad describe [&hellip;]\" \/>\n<meta property=\"og:url\" content=\"https:\/\/gwblimitedco.com\/en\/politica-de-privacidad\/\" \/>\n<meta property=\"og:site_name\" content=\"GWBLimitedco\" \/>\n<meta property=\"article:publisher\" content=\"https:\/\/www.facebook.com\/GWBLimitedco\" \/>\n<meta name=\"twitter:card\" content=\"summary_large_image\" \/>\n<meta name=\"twitter:label1\" content=\"Est. reading time\" \/>\n\t<meta name=\"twitter:data1\" content=\"2 minutes\" \/>\n<script type=\"application\/ld+json\" class=\"yoast-schema-graph\">{\"@context\":\"https:\/\/schema.org\",\"@graph\":[{\"@type\":\"WebPage\",\"@id\":\"https:\/\/gwblimitedco.com\/politica-de-privacidad\/\",\"url\":\"https:\/\/gwblimitedco.com\/politica-de-privacidad\/\",\"name\":\"Pol\u00edtica de privacidad - GWBLimitedco\",\"isPartOf\":{\"@id\":\"https:\/\/gwblimitedco.com\/#website\"},\"datePublished\":\"2024-10-01T04:41:08+00:00\",\"breadcrumb\":{\"@id\":\"https:\/\/gwblimitedco.com\/politica-de-privacidad\/#breadcrumb\"},\"inLanguage\":\"en-US\",\"potentialAction\":[{\"@type\":\"ReadAction\",\"target\":[\"https:\/\/gwblimitedco.com\/politica-de-privacidad\/\"]}]},{\"@type\":\"BreadcrumbList\",\"@id\":\"https:\/\/gwblimitedco.com\/politica-de-privacidad\/#breadcrumb\",\"itemListElement\":[{\"@type\":\"ListItem\",\"position\":1,\"name\":\"Inicio\",\"item\":\"https:\/\/gwblimitedco.com\/\"},{\"@type\":\"ListItem\",\"position\":2,\"name\":\"Pol\u00edtica de privacidad\"}]},{\"@type\":\"WebSite\",\"@id\":\"https:\/\/gwblimitedco.com\/#website\",\"url\":\"https:\/\/gwblimitedco.com\/\",\"name\":\"Global Workforce Business Limited co\",\"description\":\"Ofrecemos soluciones integrales de Seguridad y Salud en el Trabajo (SST) para empresas que buscan garantizar la protecci\u00f3n de sus empleados y cumplir con normativas de seguridad. Nuestros servicios incluyen inspecciones de seguridad, recarga de extintores, venta de se\u00f1alizaci\u00f3n, asesor\u00eda en EPP, jornadas de salud, planes de emergencia y m\u00e1s. Con un enfoque personalizado, ayudamos a crear entornos laborales seguros y saludables. \u00a1Conf\u00eda en nuestra experiencia para proteger tu equipo!\",\"publisher\":{\"@id\":\"https:\/\/gwblimitedco.com\/#organization\"},\"potentialAction\":[{\"@type\":\"SearchAction\",\"target\":{\"@type\":\"EntryPoint\",\"urlTemplate\":\"https:\/\/gwblimitedco.com\/?s={search_term_string}\"},\"query-input\":{\"@type\":\"PropertyValueSpecification\",\"valueRequired\":true,\"valueName\":\"search_term_string\"}}],\"inLanguage\":\"en-US\"},{\"@type\":\"Organization\",\"@id\":\"https:\/\/gwblimitedco.com\/#organization\",\"name\":\"Global Workforce Business Limited co\",\"url\":\"https:\/\/gwblimitedco.com\/\",\"logo\":{\"@type\":\"ImageObject\",\"inLanguage\":\"en-US\",\"@id\":\"https:\/\/gwblimitedco.com\/#\/schema\/logo\/image\/\",\"url\":\"https:\/\/gwblimitedco.com\/wp-content\/uploads\/2025\/02\/cropped-gwb-es-g.png\",\"contentUrl\":\"https:\/\/gwblimitedco.com\/wp-content\/uploads\/2025\/02\/cropped-gwb-es-g.png\",\"width\":1292,\"height\":462,\"caption\":\"Global Workforce Business Limited co\"},\"image\":{\"@id\":\"https:\/\/gwblimitedco.com\/#\/schema\/logo\/image\/\"},\"sameAs\":[\"https:\/\/www.facebook.com\/GWBLimitedco\",\"https:\/\/www.instagram.com\/gwblimitedco\/?utm_source=ig_web_button_share_sheet\",\"https:\/\/www.youtube.com\/@gwblimitedco.globalworforc2548\",\"https:\/\/www.tiktok.com\/@gwblimitedco\"]}]}<\/script>\n<!-- \/ Yoast SEO plugin. -->","yoast_head_json":{"title":"Pol\u00edtica de privacidad - GWBLimitedco","robots":{"index":"index","follow":"follow","max-snippet":"max-snippet:-1","max-image-preview":"max-image-preview:large","max-video-preview":"max-video-preview:-1"},"canonical":"https:\/\/gwblimitedco.com\/en\/politica-de-privacidad\/","og_locale":"en_US","og_type":"article","og_title":"Pol\u00edtica de privacidad - GWBLimitedco","og_description":"En gwblimitedco.com, la privacidad de nuestros visitantes es de suma importancia para nosotros. Este documento de pol\u00edtica de privacidad describe [&hellip;]","og_url":"https:\/\/gwblimitedco.com\/en\/politica-de-privacidad\/","og_site_name":"GWBLimitedco","article_publisher":"https:\/\/www.facebook.com\/GWBLimitedco","twitter_card":"summary_large_image","twitter_misc":{"Est. reading time":"2 minutes"},"schema":{"@context":"https:\/\/schema.org","@graph":[{"@type":"WebPage","@id":"https:\/\/gwblimitedco.com\/politica-de-privacidad\/","url":"https:\/\/gwblimitedco.com\/politica-de-privacidad\/","name":"Pol\u00edtica de privacidad - GWBLimitedco","isPartOf":{"@id":"https:\/\/gwblimitedco.com\/#website"},"datePublished":"2024-10-01T04:41:08+00:00","breadcrumb":{"@id":"https:\/\/gwblimitedco.com\/politica-de-privacidad\/#breadcrumb"},"inLanguage":"en-US","potentialAction":[{"@type":"ReadAction","target":["https:\/\/gwblimitedco.com\/politica-de-privacidad\/"]}]},{"@type":"BreadcrumbList","@id":"https:\/\/gwblimitedco.com\/politica-de-privacidad\/#breadcrumb","itemListElement":[{"@type":"ListItem","position":1,"name":"Inicio","item":"https:\/\/gwblimitedco.com\/"},{"@type":"ListItem","position":2,"name":"Pol\u00edtica de privacidad"}]},{"@type":"WebSite","@id":"https:\/\/gwblimitedco.com\/#website","url":"https:\/\/gwblimitedco.com\/","name":"Global Workforce Business Limited co","description":"Ofrecemos soluciones integrales de Seguridad y Salud en el Trabajo (SST) para empresas que buscan garantizar la protecci\u00f3n de sus empleados y cumplir con normativas de seguridad. Nuestros servicios incluyen inspecciones de seguridad, recarga de extintores, venta de se\u00f1alizaci\u00f3n, asesor\u00eda en EPP, jornadas de salud, planes de emergencia y m\u00e1s. Con un enfoque personalizado, ayudamos a crear entornos laborales seguros y saludables. \u00a1Conf\u00eda en nuestra experiencia para proteger tu equipo!","publisher":{"@id":"https:\/\/gwblimitedco.com\/#organization"},"potentialAction":[{"@type":"SearchAction","target":{"@type":"EntryPoint","urlTemplate":"https:\/\/gwblimitedco.com\/?s={search_term_string}"},"query-input":{"@type":"PropertyValueSpecification","valueRequired":true,"valueName":"search_term_string"}}],"inLanguage":"en-US"},{"@type":"Organization","@id":"https:\/\/gwblimitedco.com\/#organization","name":"Global Workforce Business Limited co","url":"https:\/\/gwblimitedco.com\/","logo":{"@type":"ImageObject","inLanguage":"en-US","@id":"https:\/\/gwblimitedco.com\/#\/schema\/logo\/image\/","url":"https:\/\/gwblimitedco.com\/wp-content\/uploads\/2025\/02\/cropped-gwb-es-g.png","contentUrl":"https:\/\/gwblimitedco.com\/wp-content\/uploads\/2025\/02\/cropped-gwb-es-g.png","width":1292,"height":462,"caption":"Global Workforce Business Limited co"},"image":{"@id":"https:\/\/gwblimitedco.com\/#\/schema\/logo\/image\/"},"sameAs":["https:\/\/www.facebook.com\/GWBLimitedco","https:\/\/www.instagram.com\/gwblimitedco\/?utm_source=ig_web_button_share_sheet","https:\/\/www.youtube.com\/@gwblimitedco.globalworforc2548","https:\/\/www.tiktok.com\/@gwblimitedco"]}]}},"_links":{"self":[{"href":"https:\/\/gwblimitedco.com\/en\/wp-json\/wp\/v2\/pages\/1022","targetHints":{"allow":["GET"]}}],"collection":[{"href":"https:\/\/gwblimitedco.com\/en\/wp-json\/wp\/v2\/pages"}],"about":[{"href":"https:\/\/gwblimitedco.com\/en\/wp-json\/wp\/v2\/types\/page"}],"author":[{"embeddable":true,"href":"https:\/\/gwblimitedco.com\/en\/wp-json\/wp\/v2\/users\/1"}],"replies":[{"embeddable":true,"href":"https:\/\/gwblimitedco.com\/en\/wp-json\/wp\/v2\/comments?post=1022"}],"version-history":[{"count":1,"href":"https:\/\/gwblimitedco.com\/en\/wp-json\/wp\/v2\/pages\/1022\/revisions"}],"predecessor-version":[{"id":1023,"href":"https:\/\/gwblimitedco.com\/en\/wp-json\/wp\/v2\/pages\/1022\/revisions\/1023"}],"wp:attachment":[{"href":"https:\/\/gwblimitedco.com\/en\/wp-json\/wp\/v2\/media?parent=1022"}],"curies":[{"name":"wp","href":"https:\/\/api.w.org\/{rel}","templated":true}]}}