{"id":1015,"date":"2024-10-01T04:28:47","date_gmt":"2024-10-01T04:28:47","guid":{"rendered":"https:\/\/gwblimitedco.com\/?page_id=1015"},"modified":"2024-10-01T04:44:41","modified_gmt":"2024-10-01T04:44:41","slug":"terminos-y-condiciones","status":"publish","type":"page","link":"https:\/\/gwblimitedco.com\/en\/terminos-y-condiciones\/","title":{"rendered":"Terms and conditions"},"content":{"rendered":"<p>Bienvenido a gwblimitedco.com. Si contin\u00faa navegando y utilizando este sitio web, acepta cumplir y estar sujeto a los siguientes t\u00e9rminos y condiciones de uso, que junto con nuestra pol\u00edtica de privacidad rigen la relaci\u00f3n de gwblimitedco.com con usted en relaci\u00f3n con este sitio web.<\/p>\n\n\n\n<p>El t\u00e9rmino gwblimitedco.com o &#8220;nosotros&#8221; se refiere al propietario del sitio web. El t\u00e9rmino &#8220;usted&#8221; se refiere al usuario o espectador de nuestro sitio web. El uso de este sitio web est\u00e1 sujeto a los siguientes t\u00e9rminos de uso:<\/p>\n\n\n\n<p>El contenido de las p\u00e1ginas de este sitio web es para su informaci\u00f3n general y uso \u00fanicamente. Est\u00e1 sujeto a cambios sin previo aviso.<br>Ni nosotros ni terceros ofrecemos ninguna garant\u00eda en cuanto a la exactitud, puntualidad, rendimiento, integridad o idoneidad de la informaci\u00f3n y los materiales encontrados u ofrecidos en este sitio web para ning\u00fan prop\u00f3sito particular. Usted reconoce que dicha informaci\u00f3n y materiales pueden contener inexactitudes o errores y excluimos expresamente la responsabilidad por dichas inexactitudes o errores en la m\u00e1xima medida permitida por la ley.<br>El uso que usted haga de cualquier informaci\u00f3n o material en este sitio web es bajo su propio riesgo, del cual no seremos responsables. Ser\u00e1 su propia responsabilidad garantizar que cualquier producto, servicio o informaci\u00f3n disponible a trav\u00e9s de este sitio web cumpla con sus requisitos espec\u00edficos.<br>Este sitio web contiene material que es de nuestra propiedad o tiene licencia para nosotros. Este material incluye, entre otros, el dise\u00f1o, la disposici\u00f3n, el aspecto, la apariencia y los gr\u00e1ficos. La reproducci\u00f3n est\u00e1 prohibida excepto de conformidad con el aviso de derechos de autor, que forma parte de estos t\u00e9rminos y condiciones.<\/p>\n\n\n\n<p><br>Todas las marcas comerciales reproducidas en este sitio web, que no son propiedad ni tienen licencia del operador, se reconocen en el sitio web.<br>El uso no autorizado de este sitio web puede dar lugar a una reclamaci\u00f3n por da\u00f1os y perjuicios y\/o constituir un delito penal.De vez en cuando este sitio web tambi\u00e9n puede incluir enlaces a otros sitios web. Estos enlaces se proporcionan para su comodidad para proporcionar m\u00e1s informaci\u00f3n. No significan que respaldemos los sitios web.<\/p>\n\n\n\n<p><\/p>","protected":false},"excerpt":{"rendered":"<p>Bienvenido a gwblimitedco.com. Si contin\u00faa navegando y utilizando este sitio web, acepta cumplir y estar sujeto a los siguientes t\u00e9rminos [&hellip;]<\/p>\n","protected":false},"author":1,"featured_media":0,"parent":0,"menu_order":0,"comment_status":"closed","ping_status":"closed","template":"","meta":{"site-sidebar-layout":"default","site-content-layout":"","ast-site-content-layout":"default","site-content-style":"default","site-sidebar-style":"default","ast-global-header-display":"","ast-banner-title-visibility":"","ast-main-header-display":"","ast-hfb-above-header-display":"","ast-hfb-below-header-display":"","ast-hfb-mobile-header-display":"","site-post-title":"","ast-breadcrumbs-content":"","ast-featured-img":"","footer-sml-layout":"","ast-disable-related-posts":"","theme-transparent-header-meta":"","adv-header-id-meta":"","stick-header-meta":"","header-above-stick-meta":"","header-main-stick-meta":"","header-below-stick-meta":"","astra-migrate-meta-layouts":"set","ast-page-background-enabled":"default","ast-page-background-meta":{"desktop":{"background-color":"var(--ast-global-color-5)","background-image":"","background-repeat":"repeat","background-position":"center center","background-size":"auto","background-attachment":"scroll","background-type":"","background-media":"","overlay-type":"","overlay-color":"","overlay-opacity":"","overlay-gradient":""},"tablet":{"background-color":"","background-image":"","background-repeat":"repeat","background-position":"center center","background-size":"auto","background-attachment":"scroll","background-type":"","background-media":"","overlay-type":"","overlay-color":"","overlay-opacity":"","overlay-gradient":""},"mobile":{"background-color":"","background-image":"","background-repeat":"repeat","background-position":"center center","background-size":"auto","background-attachment":"scroll","background-type":"","background-media":"","overlay-type":"","overlay-color":"","overlay-opacity":"","overlay-gradient":""}},"ast-content-background-meta":{"desktop":{"background-color":"var(--ast-global-color-4)","background-image":"","background-repeat":"repeat","background-position":"center center","background-size":"auto","background-attachment":"scroll","background-type":"","background-media":"","overlay-type":"","overlay-color":"","overlay-opacity":"","overlay-gradient":""},"tablet":{"background-color":"var(--ast-global-color-4)","background-image":"","background-repeat":"repeat","background-position":"center center","background-size":"auto","background-attachment":"scroll","background-type":"","background-media":"","overlay-type":"","overlay-color":"","overlay-opacity":"","overlay-gradient":""},"mobile":{"background-color":"var(--ast-global-color-4)","background-image":"","background-repeat":"repeat","background-position":"center center","background-size":"auto","background-attachment":"scroll","background-type":"","background-media":"","overlay-type":"","overlay-color":"","overlay-opacity":"","overlay-gradient":""}},"footnotes":""},"class_list":["post-1015","page","type-page","status-publish","hentry"],"yoast_head":"<!-- This site is optimized with the Yoast SEO plugin v27.4 - https:\/\/yoast.com\/product\/yoast-seo-wordpress\/ -->\n<title>T\u00e9rminos y condiciones - GWBLimitedco<\/title>\n<meta name=\"robots\" content=\"index, follow, max-snippet:-1, max-image-preview:large, max-video-preview:-1\" \/>\n<link rel=\"canonical\" href=\"https:\/\/gwblimitedco.com\/en\/terminos-y-condiciones\/\" \/>\n<meta property=\"og:locale\" content=\"en_US\" \/>\n<meta property=\"og:type\" content=\"article\" \/>\n<meta property=\"og:title\" content=\"T\u00e9rminos y condiciones - GWBLimitedco\" \/>\n<meta property=\"og:description\" content=\"Bienvenido a gwblimitedco.com. Si contin\u00faa navegando y utilizando este sitio web, acepta cumplir y estar sujeto a los siguientes t\u00e9rminos [&hellip;]\" \/>\n<meta property=\"og:url\" content=\"https:\/\/gwblimitedco.com\/en\/terminos-y-condiciones\/\" \/>\n<meta property=\"og:site_name\" content=\"GWBLimitedco\" \/>\n<meta property=\"article:publisher\" content=\"https:\/\/www.facebook.com\/GWBLimitedco\" \/>\n<meta property=\"article:modified_time\" content=\"2024-10-01T04:44:41+00:00\" \/>\n<meta name=\"twitter:card\" content=\"summary_large_image\" \/>\n<meta name=\"twitter:label1\" content=\"Est. reading time\" \/>\n\t<meta name=\"twitter:data1\" content=\"2 minutes\" \/>\n<script type=\"application\/ld+json\" class=\"yoast-schema-graph\">{\"@context\":\"https:\\\/\\\/schema.org\",\"@graph\":[{\"@type\":\"WebPage\",\"@id\":\"https:\\\/\\\/gwblimitedco.com\\\/terminos-y-condiciones\\\/\",\"url\":\"https:\\\/\\\/gwblimitedco.com\\\/terminos-y-condiciones\\\/\",\"name\":\"T\u00e9rminos y condiciones - GWBLimitedco\",\"isPartOf\":{\"@id\":\"https:\\\/\\\/gwblimitedco.com\\\/#website\"},\"datePublished\":\"2024-10-01T04:28:47+00:00\",\"dateModified\":\"2024-10-01T04:44:41+00:00\",\"breadcrumb\":{\"@id\":\"https:\\\/\\\/gwblimitedco.com\\\/terminos-y-condiciones\\\/#breadcrumb\"},\"inLanguage\":\"en-US\",\"potentialAction\":[{\"@type\":\"ReadAction\",\"target\":[\"https:\\\/\\\/gwblimitedco.com\\\/terminos-y-condiciones\\\/\"]}]},{\"@type\":\"BreadcrumbList\",\"@id\":\"https:\\\/\\\/gwblimitedco.com\\\/terminos-y-condiciones\\\/#breadcrumb\",\"itemListElement\":[{\"@type\":\"ListItem\",\"position\":1,\"name\":\"Inicio\",\"item\":\"https:\\\/\\\/gwblimitedco.com\\\/\"},{\"@type\":\"ListItem\",\"position\":2,\"name\":\"T\u00e9rminos y condiciones\"}]},{\"@type\":\"WebSite\",\"@id\":\"https:\\\/\\\/gwblimitedco.com\\\/#website\",\"url\":\"https:\\\/\\\/gwblimitedco.com\\\/\",\"name\":\"Global Workforce Business Limited co\",\"description\":\"Ofrecemos soluciones integrales de Seguridad y Salud en el Trabajo (SST) para empresas que buscan garantizar la protecci\u00f3n de sus empleados y cumplir con normativas de seguridad. Nuestros servicios incluyen inspecciones de seguridad, recarga de extintores, venta de se\u00f1alizaci\u00f3n, asesor\u00eda en EPP, jornadas de salud, planes de emergencia y m\u00e1s. Con un enfoque personalizado, ayudamos a crear entornos laborales seguros y saludables. \u00a1Conf\u00eda en nuestra experiencia para proteger tu equipo!\",\"publisher\":{\"@id\":\"https:\\\/\\\/gwblimitedco.com\\\/#organization\"},\"potentialAction\":[{\"@type\":\"SearchAction\",\"target\":{\"@type\":\"EntryPoint\",\"urlTemplate\":\"https:\\\/\\\/gwblimitedco.com\\\/?s={search_term_string}\"},\"query-input\":{\"@type\":\"PropertyValueSpecification\",\"valueRequired\":true,\"valueName\":\"search_term_string\"}}],\"inLanguage\":\"en-US\"},{\"@type\":\"Organization\",\"@id\":\"https:\\\/\\\/gwblimitedco.com\\\/#organization\",\"name\":\"Global Workforce Business Limited co\",\"url\":\"https:\\\/\\\/gwblimitedco.com\\\/\",\"logo\":{\"@type\":\"ImageObject\",\"inLanguage\":\"en-US\",\"@id\":\"https:\\\/\\\/gwblimitedco.com\\\/#\\\/schema\\\/logo\\\/image\\\/\",\"url\":\"https:\\\/\\\/gwblimitedco.com\\\/wp-content\\\/uploads\\\/2025\\\/02\\\/cropped-gwb-es-g.png\",\"contentUrl\":\"https:\\\/\\\/gwblimitedco.com\\\/wp-content\\\/uploads\\\/2025\\\/02\\\/cropped-gwb-es-g.png\",\"width\":1292,\"height\":462,\"caption\":\"Global Workforce Business Limited co\"},\"image\":{\"@id\":\"https:\\\/\\\/gwblimitedco.com\\\/#\\\/schema\\\/logo\\\/image\\\/\"},\"sameAs\":[\"https:\\\/\\\/www.facebook.com\\\/GWBLimitedco\",\"https:\\\/\\\/www.instagram.com\\\/gwblimitedco\\\/?utm_source=ig_web_button_share_sheet\",\"https:\\\/\\\/www.youtube.com\\\/@gwblimitedco.globalworforc2548\",\"https:\\\/\\\/www.tiktok.com\\\/@gwblimitedco\"]}]}<\/script>\n<!-- \/ Yoast SEO plugin. -->","yoast_head_json":{"title":"T\u00e9rminos y condiciones - GWBLimitedco","robots":{"index":"index","follow":"follow","max-snippet":"max-snippet:-1","max-image-preview":"max-image-preview:large","max-video-preview":"max-video-preview:-1"},"canonical":"https:\/\/gwblimitedco.com\/en\/terminos-y-condiciones\/","og_locale":"en_US","og_type":"article","og_title":"T\u00e9rminos y condiciones - GWBLimitedco","og_description":"Bienvenido a gwblimitedco.com. Si contin\u00faa navegando y utilizando este sitio web, acepta cumplir y estar sujeto a los siguientes t\u00e9rminos [&hellip;]","og_url":"https:\/\/gwblimitedco.com\/en\/terminos-y-condiciones\/","og_site_name":"GWBLimitedco","article_publisher":"https:\/\/www.facebook.com\/GWBLimitedco","article_modified_time":"2024-10-01T04:44:41+00:00","twitter_card":"summary_large_image","twitter_misc":{"Est. reading time":"2 minutes"},"schema":{"@context":"https:\/\/schema.org","@graph":[{"@type":"WebPage","@id":"https:\/\/gwblimitedco.com\/terminos-y-condiciones\/","url":"https:\/\/gwblimitedco.com\/terminos-y-condiciones\/","name":"T\u00e9rminos y condiciones - GWBLimitedco","isPartOf":{"@id":"https:\/\/gwblimitedco.com\/#website"},"datePublished":"2024-10-01T04:28:47+00:00","dateModified":"2024-10-01T04:44:41+00:00","breadcrumb":{"@id":"https:\/\/gwblimitedco.com\/terminos-y-condiciones\/#breadcrumb"},"inLanguage":"en-US","potentialAction":[{"@type":"ReadAction","target":["https:\/\/gwblimitedco.com\/terminos-y-condiciones\/"]}]},{"@type":"BreadcrumbList","@id":"https:\/\/gwblimitedco.com\/terminos-y-condiciones\/#breadcrumb","itemListElement":[{"@type":"ListItem","position":1,"name":"Inicio","item":"https:\/\/gwblimitedco.com\/"},{"@type":"ListItem","position":2,"name":"T\u00e9rminos y condiciones"}]},{"@type":"WebSite","@id":"https:\/\/gwblimitedco.com\/#website","url":"https:\/\/gwblimitedco.com\/","name":"Global Workforce Business Limited co","description":"Ofrecemos soluciones integrales de Seguridad y Salud en el Trabajo (SST) para empresas que buscan garantizar la protecci\u00f3n de sus empleados y cumplir con normativas de seguridad. Nuestros servicios incluyen inspecciones de seguridad, recarga de extintores, venta de se\u00f1alizaci\u00f3n, asesor\u00eda en EPP, jornadas de salud, planes de emergencia y m\u00e1s. Con un enfoque personalizado, ayudamos a crear entornos laborales seguros y saludables. \u00a1Conf\u00eda en nuestra experiencia para proteger tu equipo!","publisher":{"@id":"https:\/\/gwblimitedco.com\/#organization"},"potentialAction":[{"@type":"SearchAction","target":{"@type":"EntryPoint","urlTemplate":"https:\/\/gwblimitedco.com\/?s={search_term_string}"},"query-input":{"@type":"PropertyValueSpecification","valueRequired":true,"valueName":"search_term_string"}}],"inLanguage":"en-US"},{"@type":"Organization","@id":"https:\/\/gwblimitedco.com\/#organization","name":"Global Workforce Business Limited co","url":"https:\/\/gwblimitedco.com\/","logo":{"@type":"ImageObject","inLanguage":"en-US","@id":"https:\/\/gwblimitedco.com\/#\/schema\/logo\/image\/","url":"https:\/\/gwblimitedco.com\/wp-content\/uploads\/2025\/02\/cropped-gwb-es-g.png","contentUrl":"https:\/\/gwblimitedco.com\/wp-content\/uploads\/2025\/02\/cropped-gwb-es-g.png","width":1292,"height":462,"caption":"Global Workforce Business Limited co"},"image":{"@id":"https:\/\/gwblimitedco.com\/#\/schema\/logo\/image\/"},"sameAs":["https:\/\/www.facebook.com\/GWBLimitedco","https:\/\/www.instagram.com\/gwblimitedco\/?utm_source=ig_web_button_share_sheet","https:\/\/www.youtube.com\/@gwblimitedco.globalworforc2548","https:\/\/www.tiktok.com\/@gwblimitedco"]}]}},"_links":{"self":[{"href":"https:\/\/gwblimitedco.com\/en\/wp-json\/wp\/v2\/pages\/1015","targetHints":{"allow":["GET"]}}],"collection":[{"href":"https:\/\/gwblimitedco.com\/en\/wp-json\/wp\/v2\/pages"}],"about":[{"href":"https:\/\/gwblimitedco.com\/en\/wp-json\/wp\/v2\/types\/page"}],"author":[{"embeddable":true,"href":"https:\/\/gwblimitedco.com\/en\/wp-json\/wp\/v2\/users\/1"}],"replies":[{"embeddable":true,"href":"https:\/\/gwblimitedco.com\/en\/wp-json\/wp\/v2\/comments?post=1015"}],"version-history":[{"count":2,"href":"https:\/\/gwblimitedco.com\/en\/wp-json\/wp\/v2\/pages\/1015\/revisions"}],"predecessor-version":[{"id":1025,"href":"https:\/\/gwblimitedco.com\/en\/wp-json\/wp\/v2\/pages\/1015\/revisions\/1025"}],"wp:attachment":[{"href":"https:\/\/gwblimitedco.com\/en\/wp-json\/wp\/v2\/media?parent=1015"}],"curies":[{"name":"wp","href":"https:\/\/api.w.org\/{rel}","templated":true}]}}