{"id":1011,"date":"2024-10-01T04:27:10","date_gmt":"2024-10-01T04:27:10","guid":{"rendered":"https:\/\/gwblimitedco.com\/?page_id=1011"},"modified":"2024-10-01T04:32:58","modified_gmt":"2024-10-01T04:32:58","slug":"descargos-de-responsabilidad","status":"publish","type":"page","link":"https:\/\/gwblimitedco.com\/en\/descargos-de-responsabilidad\/","title":{"rendered":"Descargos de responsabilidad"},"content":{"rendered":"<p>La informaci\u00f3n contenida en este sitio web es s\u00f3lo para fines de informaci\u00f3n general. La informaci\u00f3n es proporcionada por <strong>GLOBAL WORKFORCE BUSINESS LIMITED CO<\/strong> y, si bien nos esforzamos por mantener la informaci\u00f3n actualizada y correcta, no hacemos representaciones ni garant\u00edas de ning\u00fan tipo, expresas o impl\u00edcitas, sobre la integridad, precisi\u00f3n, confiabilidad, idoneidad o disponibilidad con respecto a el sitio web o la informaci\u00f3n, productos, servicios o gr\u00e1ficos relacionados contenidos en el sitio web para cualquier prop\u00f3sito. Por lo tanto, cualquier confianza que usted deposite en dicha informaci\u00f3n es estrictamente bajo su propio riesgo.<\/p>\n\n\n\n<p>En ning\u00fan caso seremos responsables de ninguna p\u00e9rdida o da\u00f1o, incluidos, entre otros, p\u00e9rdidas o da\u00f1os indirectos o consecuentes, o cualquier p\u00e9rdida o da\u00f1o que surja de la p\u00e9rdida de datos o ganancias que surjan de, o en conexi\u00f3n con, el uso de este sitio web. .<\/p>\n\n\n\n<p>A trav\u00e9s de este sitio web usted puede establecer enlaces a otros sitios web que no est\u00e1n bajo el control de <strong>GLOBAL WORKFORCE BUSINESS LIMITED CO<\/strong>. No tenemos control sobre la naturaleza, el contenido y la disponibilidad de esos sitios. La inclusi\u00f3n de cualquier enlace no implica necesariamente una recomendaci\u00f3n ni respalda las opiniones expresadas en ellos.<\/p>\n\n\n\n<p>Se hace todo lo posible para mantener el sitio web funcionando sin problemas. Sin embargo, GLOBAL WORKFORCE BUSINESS LIMITED CO no se hace responsable ni ser\u00e1 responsable de que el sitio web no est\u00e9 disponible temporalmente debido a problemas t\u00e9cnicos fuera de nuestro control.<\/p>","protected":false},"excerpt":{"rendered":"<p>La informaci\u00f3n contenida en este sitio web es s\u00f3lo para fines de informaci\u00f3n general. La informaci\u00f3n es proporcionada por GLOBAL [&hellip;]<\/p>\n","protected":false},"author":1,"featured_media":0,"parent":0,"menu_order":0,"comment_status":"closed","ping_status":"closed","template":"","meta":{"site-sidebar-layout":"default","site-content-layout":"","ast-site-content-layout":"default","site-content-style":"default","site-sidebar-style":"default","ast-global-header-display":"","ast-banner-title-visibility":"","ast-main-header-display":"","ast-hfb-above-header-display":"","ast-hfb-below-header-display":"","ast-hfb-mobile-header-display":"","site-post-title":"","ast-breadcrumbs-content":"","ast-featured-img":"","footer-sml-layout":"","ast-disable-related-posts":"","theme-transparent-header-meta":"","adv-header-id-meta":"","stick-header-meta":"","header-above-stick-meta":"","header-main-stick-meta":"","header-below-stick-meta":"","astra-migrate-meta-layouts":"set","ast-page-background-enabled":"default","ast-page-background-meta":{"desktop":{"background-color":"var(--ast-global-color-5)","background-image":"","background-repeat":"repeat","background-position":"center center","background-size":"auto","background-attachment":"scroll","background-type":"","background-media":"","overlay-type":"","overlay-color":"","overlay-opacity":"","overlay-gradient":""},"tablet":{"background-color":"","background-image":"","background-repeat":"repeat","background-position":"center center","background-size":"auto","background-attachment":"scroll","background-type":"","background-media":"","overlay-type":"","overlay-color":"","overlay-opacity":"","overlay-gradient":""},"mobile":{"background-color":"","background-image":"","background-repeat":"repeat","background-position":"center center","background-size":"auto","background-attachment":"scroll","background-type":"","background-media":"","overlay-type":"","overlay-color":"","overlay-opacity":"","overlay-gradient":""}},"ast-content-background-meta":{"desktop":{"background-color":"var(--ast-global-color-4)","background-image":"","background-repeat":"repeat","background-position":"center center","background-size":"auto","background-attachment":"scroll","background-type":"","background-media":"","overlay-type":"","overlay-color":"","overlay-opacity":"","overlay-gradient":""},"tablet":{"background-color":"var(--ast-global-color-4)","background-image":"","background-repeat":"repeat","background-position":"center center","background-size":"auto","background-attachment":"scroll","background-type":"","background-media":"","overlay-type":"","overlay-color":"","overlay-opacity":"","overlay-gradient":""},"mobile":{"background-color":"var(--ast-global-color-4)","background-image":"","background-repeat":"repeat","background-position":"center center","background-size":"auto","background-attachment":"scroll","background-type":"","background-media":"","overlay-type":"","overlay-color":"","overlay-opacity":"","overlay-gradient":""}},"footnotes":""},"class_list":["post-1011","page","type-page","status-publish","hentry"],"yoast_head":"<!-- This site is optimized with the Yoast SEO plugin v27.4 - https:\/\/yoast.com\/product\/yoast-seo-wordpress\/ -->\n<title>Descargos de responsabilidad - GWBLimitedco<\/title>\n<meta name=\"robots\" content=\"index, follow, max-snippet:-1, max-image-preview:large, max-video-preview:-1\" \/>\n<link rel=\"canonical\" href=\"https:\/\/gwblimitedco.com\/en\/descargos-de-responsabilidad\/\" \/>\n<meta property=\"og:locale\" content=\"en_US\" \/>\n<meta property=\"og:type\" content=\"article\" \/>\n<meta property=\"og:title\" content=\"Descargos de responsabilidad - GWBLimitedco\" \/>\n<meta property=\"og:description\" content=\"La informaci\u00f3n contenida en este sitio web es s\u00f3lo para fines de informaci\u00f3n general. La informaci\u00f3n es proporcionada por GLOBAL [&hellip;]\" \/>\n<meta property=\"og:url\" content=\"https:\/\/gwblimitedco.com\/en\/descargos-de-responsabilidad\/\" \/>\n<meta property=\"og:site_name\" content=\"GWBLimitedco\" \/>\n<meta property=\"article:publisher\" content=\"https:\/\/www.facebook.com\/GWBLimitedco\" \/>\n<meta property=\"article:modified_time\" content=\"2024-10-01T04:32:58+00:00\" \/>\n<meta name=\"twitter:card\" content=\"summary_large_image\" \/>\n<meta name=\"twitter:label1\" content=\"Est. reading time\" \/>\n\t<meta name=\"twitter:data1\" content=\"1 minute\" \/>\n<script type=\"application\/ld+json\" class=\"yoast-schema-graph\">{\"@context\":\"https:\\\/\\\/schema.org\",\"@graph\":[{\"@type\":\"WebPage\",\"@id\":\"https:\\\/\\\/gwblimitedco.com\\\/descargos-de-responsabilidad\\\/\",\"url\":\"https:\\\/\\\/gwblimitedco.com\\\/descargos-de-responsabilidad\\\/\",\"name\":\"Descargos de responsabilidad - GWBLimitedco\",\"isPartOf\":{\"@id\":\"https:\\\/\\\/gwblimitedco.com\\\/#website\"},\"datePublished\":\"2024-10-01T04:27:10+00:00\",\"dateModified\":\"2024-10-01T04:32:58+00:00\",\"breadcrumb\":{\"@id\":\"https:\\\/\\\/gwblimitedco.com\\\/descargos-de-responsabilidad\\\/#breadcrumb\"},\"inLanguage\":\"en-US\",\"potentialAction\":[{\"@type\":\"ReadAction\",\"target\":[\"https:\\\/\\\/gwblimitedco.com\\\/descargos-de-responsabilidad\\\/\"]}]},{\"@type\":\"BreadcrumbList\",\"@id\":\"https:\\\/\\\/gwblimitedco.com\\\/descargos-de-responsabilidad\\\/#breadcrumb\",\"itemListElement\":[{\"@type\":\"ListItem\",\"position\":1,\"name\":\"Inicio\",\"item\":\"https:\\\/\\\/gwblimitedco.com\\\/\"},{\"@type\":\"ListItem\",\"position\":2,\"name\":\"Descargos de responsabilidad\"}]},{\"@type\":\"WebSite\",\"@id\":\"https:\\\/\\\/gwblimitedco.com\\\/#website\",\"url\":\"https:\\\/\\\/gwblimitedco.com\\\/\",\"name\":\"Global Workforce Business Limited co\",\"description\":\"Ofrecemos soluciones integrales de Seguridad y Salud en el Trabajo (SST) para empresas que buscan garantizar la protecci\u00f3n de sus empleados y cumplir con normativas de seguridad. Nuestros servicios incluyen inspecciones de seguridad, recarga de extintores, venta de se\u00f1alizaci\u00f3n, asesor\u00eda en EPP, jornadas de salud, planes de emergencia y m\u00e1s. Con un enfoque personalizado, ayudamos a crear entornos laborales seguros y saludables. \u00a1Conf\u00eda en nuestra experiencia para proteger tu equipo!\",\"publisher\":{\"@id\":\"https:\\\/\\\/gwblimitedco.com\\\/#organization\"},\"potentialAction\":[{\"@type\":\"SearchAction\",\"target\":{\"@type\":\"EntryPoint\",\"urlTemplate\":\"https:\\\/\\\/gwblimitedco.com\\\/?s={search_term_string}\"},\"query-input\":{\"@type\":\"PropertyValueSpecification\",\"valueRequired\":true,\"valueName\":\"search_term_string\"}}],\"inLanguage\":\"en-US\"},{\"@type\":\"Organization\",\"@id\":\"https:\\\/\\\/gwblimitedco.com\\\/#organization\",\"name\":\"Global Workforce Business Limited co\",\"url\":\"https:\\\/\\\/gwblimitedco.com\\\/\",\"logo\":{\"@type\":\"ImageObject\",\"inLanguage\":\"en-US\",\"@id\":\"https:\\\/\\\/gwblimitedco.com\\\/#\\\/schema\\\/logo\\\/image\\\/\",\"url\":\"https:\\\/\\\/gwblimitedco.com\\\/wp-content\\\/uploads\\\/2025\\\/02\\\/cropped-gwb-es-g.png\",\"contentUrl\":\"https:\\\/\\\/gwblimitedco.com\\\/wp-content\\\/uploads\\\/2025\\\/02\\\/cropped-gwb-es-g.png\",\"width\":1292,\"height\":462,\"caption\":\"Global Workforce Business Limited co\"},\"image\":{\"@id\":\"https:\\\/\\\/gwblimitedco.com\\\/#\\\/schema\\\/logo\\\/image\\\/\"},\"sameAs\":[\"https:\\\/\\\/www.facebook.com\\\/GWBLimitedco\",\"https:\\\/\\\/www.instagram.com\\\/gwblimitedco\\\/?utm_source=ig_web_button_share_sheet\",\"https:\\\/\\\/www.youtube.com\\\/@gwblimitedco.globalworforc2548\",\"https:\\\/\\\/www.tiktok.com\\\/@gwblimitedco\"]}]}<\/script>\n<!-- \/ Yoast SEO plugin. -->","yoast_head_json":{"title":"Descargos de responsabilidad - GWBLimitedco","robots":{"index":"index","follow":"follow","max-snippet":"max-snippet:-1","max-image-preview":"max-image-preview:large","max-video-preview":"max-video-preview:-1"},"canonical":"https:\/\/gwblimitedco.com\/en\/descargos-de-responsabilidad\/","og_locale":"en_US","og_type":"article","og_title":"Descargos de responsabilidad - GWBLimitedco","og_description":"La informaci\u00f3n contenida en este sitio web es s\u00f3lo para fines de informaci\u00f3n general. La informaci\u00f3n es proporcionada por GLOBAL [&hellip;]","og_url":"https:\/\/gwblimitedco.com\/en\/descargos-de-responsabilidad\/","og_site_name":"GWBLimitedco","article_publisher":"https:\/\/www.facebook.com\/GWBLimitedco","article_modified_time":"2024-10-01T04:32:58+00:00","twitter_card":"summary_large_image","twitter_misc":{"Est. reading time":"1 minute"},"schema":{"@context":"https:\/\/schema.org","@graph":[{"@type":"WebPage","@id":"https:\/\/gwblimitedco.com\/descargos-de-responsabilidad\/","url":"https:\/\/gwblimitedco.com\/descargos-de-responsabilidad\/","name":"Descargos de responsabilidad - GWBLimitedco","isPartOf":{"@id":"https:\/\/gwblimitedco.com\/#website"},"datePublished":"2024-10-01T04:27:10+00:00","dateModified":"2024-10-01T04:32:58+00:00","breadcrumb":{"@id":"https:\/\/gwblimitedco.com\/descargos-de-responsabilidad\/#breadcrumb"},"inLanguage":"en-US","potentialAction":[{"@type":"ReadAction","target":["https:\/\/gwblimitedco.com\/descargos-de-responsabilidad\/"]}]},{"@type":"BreadcrumbList","@id":"https:\/\/gwblimitedco.com\/descargos-de-responsabilidad\/#breadcrumb","itemListElement":[{"@type":"ListItem","position":1,"name":"Inicio","item":"https:\/\/gwblimitedco.com\/"},{"@type":"ListItem","position":2,"name":"Descargos de responsabilidad"}]},{"@type":"WebSite","@id":"https:\/\/gwblimitedco.com\/#website","url":"https:\/\/gwblimitedco.com\/","name":"Global Workforce Business Limited co","description":"Ofrecemos soluciones integrales de Seguridad y Salud en el Trabajo (SST) para empresas que buscan garantizar la protecci\u00f3n de sus empleados y cumplir con normativas de seguridad. Nuestros servicios incluyen inspecciones de seguridad, recarga de extintores, venta de se\u00f1alizaci\u00f3n, asesor\u00eda en EPP, jornadas de salud, planes de emergencia y m\u00e1s. Con un enfoque personalizado, ayudamos a crear entornos laborales seguros y saludables. \u00a1Conf\u00eda en nuestra experiencia para proteger tu equipo!","publisher":{"@id":"https:\/\/gwblimitedco.com\/#organization"},"potentialAction":[{"@type":"SearchAction","target":{"@type":"EntryPoint","urlTemplate":"https:\/\/gwblimitedco.com\/?s={search_term_string}"},"query-input":{"@type":"PropertyValueSpecification","valueRequired":true,"valueName":"search_term_string"}}],"inLanguage":"en-US"},{"@type":"Organization","@id":"https:\/\/gwblimitedco.com\/#organization","name":"Global Workforce Business Limited co","url":"https:\/\/gwblimitedco.com\/","logo":{"@type":"ImageObject","inLanguage":"en-US","@id":"https:\/\/gwblimitedco.com\/#\/schema\/logo\/image\/","url":"https:\/\/gwblimitedco.com\/wp-content\/uploads\/2025\/02\/cropped-gwb-es-g.png","contentUrl":"https:\/\/gwblimitedco.com\/wp-content\/uploads\/2025\/02\/cropped-gwb-es-g.png","width":1292,"height":462,"caption":"Global Workforce Business Limited co"},"image":{"@id":"https:\/\/gwblimitedco.com\/#\/schema\/logo\/image\/"},"sameAs":["https:\/\/www.facebook.com\/GWBLimitedco","https:\/\/www.instagram.com\/gwblimitedco\/?utm_source=ig_web_button_share_sheet","https:\/\/www.youtube.com\/@gwblimitedco.globalworforc2548","https:\/\/www.tiktok.com\/@gwblimitedco"]}]}},"_links":{"self":[{"href":"https:\/\/gwblimitedco.com\/en\/wp-json\/wp\/v2\/pages\/1011","targetHints":{"allow":["GET"]}}],"collection":[{"href":"https:\/\/gwblimitedco.com\/en\/wp-json\/wp\/v2\/pages"}],"about":[{"href":"https:\/\/gwblimitedco.com\/en\/wp-json\/wp\/v2\/types\/page"}],"author":[{"embeddable":true,"href":"https:\/\/gwblimitedco.com\/en\/wp-json\/wp\/v2\/users\/1"}],"replies":[{"embeddable":true,"href":"https:\/\/gwblimitedco.com\/en\/wp-json\/wp\/v2\/comments?post=1011"}],"version-history":[{"count":2,"href":"https:\/\/gwblimitedco.com\/en\/wp-json\/wp\/v2\/pages\/1011\/revisions"}],"predecessor-version":[{"id":1020,"href":"https:\/\/gwblimitedco.com\/en\/wp-json\/wp\/v2\/pages\/1011\/revisions\/1020"}],"wp:attachment":[{"href":"https:\/\/gwblimitedco.com\/en\/wp-json\/wp\/v2\/media?parent=1011"}],"curies":[{"name":"wp","href":"https:\/\/api.w.org\/{rel}","templated":true}]}}