{"id":1009,"date":"2024-10-01T04:26:07","date_gmt":"2024-10-01T04:26:07","guid":{"rendered":"https:\/\/gwblimitedco.com\/?page_id=1009"},"modified":"2024-10-01T04:31:09","modified_gmt":"2024-10-01T04:31:09","slug":"copyright","status":"publish","type":"page","link":"https:\/\/gwblimitedco.com\/en\/copyright\/","title":{"rendered":"Copyright"},"content":{"rendered":"<p>Este sitio web y su contenido tienen derechos de autor de <strong>GLOBAL WORKFORCE BUSINESS LIMITED CO<\/strong> &#8211; \u00a9 <strong>GLOBAL WORKFORCE BUSINESS LIMITED CO<\/strong> 2024. Todos los derechos reservados.<\/p>\n\n\n\n<p>Se proh\u00edbe cualquier redistribuci\u00f3n o reproducci\u00f3n de parte o la totalidad del contenido en cualquier forma que no sea la siguiente:<br>Puede imprimir o descargar extractos en un disco duro local \u00fanicamente para su uso personal y no comercial.<br>Puede copiar el contenido a terceros individuales para su uso personal, pero solo si reconoce el sitio web como la fuente del material.<br>No puede, excepto con nuestro permiso expreso por escrito, distribuir o explotar comercialmente el contenido. Tampoco podr\u00e1 transmitirlo ni almacenarlo en ning\u00fan otro sitio web u otra forma de sistema de recuperaci\u00f3n electr\u00f3nica.<\/p>","protected":false},"excerpt":{"rendered":"<p>Este sitio web y su contenido tienen derechos de autor de GLOBAL WORKFORCE BUSINESS LIMITED CO &#8211; \u00a9 GLOBAL WORKFORCE [&hellip;]<\/p>\n","protected":false},"author":1,"featured_media":0,"parent":0,"menu_order":0,"comment_status":"closed","ping_status":"closed","template":"","meta":{"site-sidebar-layout":"default","site-content-layout":"","ast-site-content-layout":"default","site-content-style":"default","site-sidebar-style":"default","ast-global-header-display":"","ast-banner-title-visibility":"","ast-main-header-display":"","ast-hfb-above-header-display":"","ast-hfb-below-header-display":"","ast-hfb-mobile-header-display":"","site-post-title":"","ast-breadcrumbs-content":"","ast-featured-img":"","footer-sml-layout":"","theme-transparent-header-meta":"","adv-header-id-meta":"","stick-header-meta":"","header-above-stick-meta":"","header-main-stick-meta":"","header-below-stick-meta":"","astra-migrate-meta-layouts":"set","ast-page-background-enabled":"default","ast-page-background-meta":{"desktop":{"background-color":"var(--ast-global-color-4)","background-image":"","background-repeat":"repeat","background-position":"center center","background-size":"auto","background-attachment":"scroll","background-type":"","background-media":"","overlay-type":"","overlay-color":"","overlay-opacity":"","overlay-gradient":""},"tablet":{"background-color":"","background-image":"","background-repeat":"repeat","background-position":"center center","background-size":"auto","background-attachment":"scroll","background-type":"","background-media":"","overlay-type":"","overlay-color":"","overlay-opacity":"","overlay-gradient":""},"mobile":{"background-color":"","background-image":"","background-repeat":"repeat","background-position":"center center","background-size":"auto","background-attachment":"scroll","background-type":"","background-media":"","overlay-type":"","overlay-color":"","overlay-opacity":"","overlay-gradient":""}},"ast-content-background-meta":{"desktop":{"background-color":"var(--ast-global-color-5)","background-image":"","background-repeat":"repeat","background-position":"center center","background-size":"auto","background-attachment":"scroll","background-type":"","background-media":"","overlay-type":"","overlay-color":"","overlay-opacity":"","overlay-gradient":""},"tablet":{"background-color":"var(--ast-global-color-5)","background-image":"","background-repeat":"repeat","background-position":"center center","background-size":"auto","background-attachment":"scroll","background-type":"","background-media":"","overlay-type":"","overlay-color":"","overlay-opacity":"","overlay-gradient":""},"mobile":{"background-color":"var(--ast-global-color-5)","background-image":"","background-repeat":"repeat","background-position":"center center","background-size":"auto","background-attachment":"scroll","background-type":"","background-media":"","overlay-type":"","overlay-color":"","overlay-opacity":"","overlay-gradient":""}},"footnotes":""},"class_list":["post-1009","page","type-page","status-publish","hentry"],"yoast_head":"<!-- This site is optimized with the Yoast SEO plugin v27.1.1 - https:\/\/yoast.com\/product\/yoast-seo-wordpress\/ -->\n<title>Copyright - GWBLimitedco<\/title>\n<meta name=\"robots\" content=\"index, follow, max-snippet:-1, max-image-preview:large, max-video-preview:-1\" \/>\n<link rel=\"canonical\" href=\"https:\/\/gwblimitedco.com\/en\/copyright\/\" \/>\n<meta property=\"og:locale\" content=\"en_US\" \/>\n<meta property=\"og:type\" content=\"article\" \/>\n<meta property=\"og:title\" content=\"Copyright - GWBLimitedco\" \/>\n<meta property=\"og:description\" content=\"Este sitio web y su contenido tienen derechos de autor de GLOBAL WORKFORCE BUSINESS LIMITED CO &#8211; \u00a9 GLOBAL WORKFORCE [&hellip;]\" \/>\n<meta property=\"og:url\" content=\"https:\/\/gwblimitedco.com\/en\/copyright\/\" \/>\n<meta property=\"og:site_name\" content=\"GWBLimitedco\" \/>\n<meta property=\"article:publisher\" content=\"https:\/\/www.facebook.com\/GWBLimitedco\" \/>\n<meta property=\"article:modified_time\" content=\"2024-10-01T04:31:09+00:00\" \/>\n<meta name=\"twitter:card\" content=\"summary_large_image\" \/>\n<meta name=\"twitter:label1\" content=\"Est. reading time\" \/>\n\t<meta name=\"twitter:data1\" content=\"1 minute\" \/>\n<script type=\"application\/ld+json\" class=\"yoast-schema-graph\">{\"@context\":\"https:\/\/schema.org\",\"@graph\":[{\"@type\":\"WebPage\",\"@id\":\"https:\/\/gwblimitedco.com\/copyright\/\",\"url\":\"https:\/\/gwblimitedco.com\/copyright\/\",\"name\":\"Copyright - GWBLimitedco\",\"isPartOf\":{\"@id\":\"https:\/\/gwblimitedco.com\/#website\"},\"datePublished\":\"2024-10-01T04:26:07+00:00\",\"dateModified\":\"2024-10-01T04:31:09+00:00\",\"breadcrumb\":{\"@id\":\"https:\/\/gwblimitedco.com\/copyright\/#breadcrumb\"},\"inLanguage\":\"en-US\",\"potentialAction\":[{\"@type\":\"ReadAction\",\"target\":[\"https:\/\/gwblimitedco.com\/copyright\/\"]}]},{\"@type\":\"BreadcrumbList\",\"@id\":\"https:\/\/gwblimitedco.com\/copyright\/#breadcrumb\",\"itemListElement\":[{\"@type\":\"ListItem\",\"position\":1,\"name\":\"Inicio\",\"item\":\"https:\/\/gwblimitedco.com\/\"},{\"@type\":\"ListItem\",\"position\":2,\"name\":\"Copyright\"}]},{\"@type\":\"WebSite\",\"@id\":\"https:\/\/gwblimitedco.com\/#website\",\"url\":\"https:\/\/gwblimitedco.com\/\",\"name\":\"Global Workforce Business Limited co\",\"description\":\"Ofrecemos soluciones integrales de Seguridad y Salud en el Trabajo (SST) para empresas que buscan garantizar la protecci\u00f3n de sus empleados y cumplir con normativas de seguridad. Nuestros servicios incluyen inspecciones de seguridad, recarga de extintores, venta de se\u00f1alizaci\u00f3n, asesor\u00eda en EPP, jornadas de salud, planes de emergencia y m\u00e1s. Con un enfoque personalizado, ayudamos a crear entornos laborales seguros y saludables. \u00a1Conf\u00eda en nuestra experiencia para proteger tu equipo!\",\"publisher\":{\"@id\":\"https:\/\/gwblimitedco.com\/#organization\"},\"potentialAction\":[{\"@type\":\"SearchAction\",\"target\":{\"@type\":\"EntryPoint\",\"urlTemplate\":\"https:\/\/gwblimitedco.com\/?s={search_term_string}\"},\"query-input\":{\"@type\":\"PropertyValueSpecification\",\"valueRequired\":true,\"valueName\":\"search_term_string\"}}],\"inLanguage\":\"en-US\"},{\"@type\":\"Organization\",\"@id\":\"https:\/\/gwblimitedco.com\/#organization\",\"name\":\"Global Workforce Business Limited co\",\"url\":\"https:\/\/gwblimitedco.com\/\",\"logo\":{\"@type\":\"ImageObject\",\"inLanguage\":\"en-US\",\"@id\":\"https:\/\/gwblimitedco.com\/#\/schema\/logo\/image\/\",\"url\":\"https:\/\/gwblimitedco.com\/wp-content\/uploads\/2025\/02\/cropped-gwb-es-g.png\",\"contentUrl\":\"https:\/\/gwblimitedco.com\/wp-content\/uploads\/2025\/02\/cropped-gwb-es-g.png\",\"width\":1292,\"height\":462,\"caption\":\"Global Workforce Business Limited co\"},\"image\":{\"@id\":\"https:\/\/gwblimitedco.com\/#\/schema\/logo\/image\/\"},\"sameAs\":[\"https:\/\/www.facebook.com\/GWBLimitedco\",\"https:\/\/www.instagram.com\/gwblimitedco\/?utm_source=ig_web_button_share_sheet\",\"https:\/\/www.youtube.com\/@gwblimitedco.globalworforc2548\",\"https:\/\/www.tiktok.com\/@gwblimitedco\"]}]}<\/script>\n<!-- \/ Yoast SEO plugin. -->","yoast_head_json":{"title":"Copyright - GWBLimitedco","robots":{"index":"index","follow":"follow","max-snippet":"max-snippet:-1","max-image-preview":"max-image-preview:large","max-video-preview":"max-video-preview:-1"},"canonical":"https:\/\/gwblimitedco.com\/en\/copyright\/","og_locale":"en_US","og_type":"article","og_title":"Copyright - GWBLimitedco","og_description":"Este sitio web y su contenido tienen derechos de autor de GLOBAL WORKFORCE BUSINESS LIMITED CO &#8211; \u00a9 GLOBAL WORKFORCE [&hellip;]","og_url":"https:\/\/gwblimitedco.com\/en\/copyright\/","og_site_name":"GWBLimitedco","article_publisher":"https:\/\/www.facebook.com\/GWBLimitedco","article_modified_time":"2024-10-01T04:31:09+00:00","twitter_card":"summary_large_image","twitter_misc":{"Est. reading time":"1 minute"},"schema":{"@context":"https:\/\/schema.org","@graph":[{"@type":"WebPage","@id":"https:\/\/gwblimitedco.com\/copyright\/","url":"https:\/\/gwblimitedco.com\/copyright\/","name":"Copyright - GWBLimitedco","isPartOf":{"@id":"https:\/\/gwblimitedco.com\/#website"},"datePublished":"2024-10-01T04:26:07+00:00","dateModified":"2024-10-01T04:31:09+00:00","breadcrumb":{"@id":"https:\/\/gwblimitedco.com\/copyright\/#breadcrumb"},"inLanguage":"en-US","potentialAction":[{"@type":"ReadAction","target":["https:\/\/gwblimitedco.com\/copyright\/"]}]},{"@type":"BreadcrumbList","@id":"https:\/\/gwblimitedco.com\/copyright\/#breadcrumb","itemListElement":[{"@type":"ListItem","position":1,"name":"Inicio","item":"https:\/\/gwblimitedco.com\/"},{"@type":"ListItem","position":2,"name":"Copyright"}]},{"@type":"WebSite","@id":"https:\/\/gwblimitedco.com\/#website","url":"https:\/\/gwblimitedco.com\/","name":"Global Workforce Business Limited co","description":"Ofrecemos soluciones integrales de Seguridad y Salud en el Trabajo (SST) para empresas que buscan garantizar la protecci\u00f3n de sus empleados y cumplir con normativas de seguridad. Nuestros servicios incluyen inspecciones de seguridad, recarga de extintores, venta de se\u00f1alizaci\u00f3n, asesor\u00eda en EPP, jornadas de salud, planes de emergencia y m\u00e1s. Con un enfoque personalizado, ayudamos a crear entornos laborales seguros y saludables. \u00a1Conf\u00eda en nuestra experiencia para proteger tu equipo!","publisher":{"@id":"https:\/\/gwblimitedco.com\/#organization"},"potentialAction":[{"@type":"SearchAction","target":{"@type":"EntryPoint","urlTemplate":"https:\/\/gwblimitedco.com\/?s={search_term_string}"},"query-input":{"@type":"PropertyValueSpecification","valueRequired":true,"valueName":"search_term_string"}}],"inLanguage":"en-US"},{"@type":"Organization","@id":"https:\/\/gwblimitedco.com\/#organization","name":"Global Workforce Business Limited co","url":"https:\/\/gwblimitedco.com\/","logo":{"@type":"ImageObject","inLanguage":"en-US","@id":"https:\/\/gwblimitedco.com\/#\/schema\/logo\/image\/","url":"https:\/\/gwblimitedco.com\/wp-content\/uploads\/2025\/02\/cropped-gwb-es-g.png","contentUrl":"https:\/\/gwblimitedco.com\/wp-content\/uploads\/2025\/02\/cropped-gwb-es-g.png","width":1292,"height":462,"caption":"Global Workforce Business Limited co"},"image":{"@id":"https:\/\/gwblimitedco.com\/#\/schema\/logo\/image\/"},"sameAs":["https:\/\/www.facebook.com\/GWBLimitedco","https:\/\/www.instagram.com\/gwblimitedco\/?utm_source=ig_web_button_share_sheet","https:\/\/www.youtube.com\/@gwblimitedco.globalworforc2548","https:\/\/www.tiktok.com\/@gwblimitedco"]}]}},"_links":{"self":[{"href":"https:\/\/gwblimitedco.com\/en\/wp-json\/wp\/v2\/pages\/1009","targetHints":{"allow":["GET"]}}],"collection":[{"href":"https:\/\/gwblimitedco.com\/en\/wp-json\/wp\/v2\/pages"}],"about":[{"href":"https:\/\/gwblimitedco.com\/en\/wp-json\/wp\/v2\/types\/page"}],"author":[{"embeddable":true,"href":"https:\/\/gwblimitedco.com\/en\/wp-json\/wp\/v2\/users\/1"}],"replies":[{"embeddable":true,"href":"https:\/\/gwblimitedco.com\/en\/wp-json\/wp\/v2\/comments?post=1009"}],"version-history":[{"count":2,"href":"https:\/\/gwblimitedco.com\/en\/wp-json\/wp\/v2\/pages\/1009\/revisions"}],"predecessor-version":[{"id":1018,"href":"https:\/\/gwblimitedco.com\/en\/wp-json\/wp\/v2\/pages\/1009\/revisions\/1018"}],"wp:attachment":[{"href":"https:\/\/gwblimitedco.com\/en\/wp-json\/wp\/v2\/media?parent=1009"}],"curies":[{"name":"wp","href":"https:\/\/api.w.org\/{rel}","templated":true}]}}